{"id":979,"date":"2020-08-31T08:09:03","date_gmt":"2020-08-31T06:09:03","guid":{"rendered":"http:\/\/ndexhnn.cluster029.hosting.ovh.net\/?page_id=979"},"modified":"2020-10-04T11:13:59","modified_gmt":"2020-10-04T09:13:59","slug":"services-aux-particuliers","status":"publish","type":"page","link":"https:\/\/atelierdelarose.com\/index.php\/services-aux-particuliers\/","title":{"rendered":"Services aux particuliers"},"content":{"rendered":"<p>[vc_row][vc_column][vc_column_text][\/vc_column_text][vc_column_text]<\/p>\n<h4 style=\"text-align: center;\"><em><strong>Abonnements<\/strong><\/em><\/h4>\n<h4 style=\"text-align: center;\">Tout au long de l&#8217;ann\u00e9e, ou aux p\u00e9riodes souhait\u00e9es, nos compositions florales sont livr\u00e9es \u00e0 votre domicile.<\/h4>\n<h4 style=\"text-align: center;\"><em><strong>Ev\u00e9nements<\/strong><\/em><\/h4>\n<h4 style=\"text-align: center;\">Nos cr\u00e9ations florales vous accompagnent dans tous les \u00e9v\u00e9nements qui jalonnent une vie. Que ce soit pour symboliser l\u2019amour lors d\u2019un mariage ou transcrire vos sentiments lors d\u2019un dernier hommage, notre cr\u00e9ativit\u00e9 est \u00e0 l\u2019\u00e9coute de vos \u00e9motions.<\/h4>\n<h4 style=\"text-align: center;\"><em><strong>Animation florale<\/strong><\/em><\/h4>\n<h4 style=\"text-align: center;\">Partageons notre amour du monde v\u00e9g\u00e9tal durant un atelier floral \u00e0 votre domicile (minimum 10 personnes).<\/h4>\n<p style=\"text-align: center;\">[\/vc_column_text][vc_empty_space][\/vc_column][\/vc_row][vc_row][vc_column][vc_column_text]<\/p>\n<h3 style=\"text-align: center;\"><strong>Informations\u00a0n\u00e9cessaires au bon traitement de vos commandes<\/strong><\/h3>\n<h5 style=\"text-align: center;\"><\/h5>\n<h3 style=\"text-align: center;\"><em>Coordonn\u00e9es de livraison<\/em><\/h3>\n<h4 style=\"text-align: center;\"><\/h4>\n<h4 style=\"text-align: center;\">Nom, pr\u00e9nom<\/h4>\n<h4 style=\"text-align: center;\">Adresse compl\u00e8te<\/h4>\n<h4 style=\"text-align: center;\">Num\u00e9ro de t\u00e9l\u00e9phone obligatoire<\/h4>\n<h4 style=\"text-align: center;\">Message \u00e0 ajouter (carte \u00e0 1,5 \u20ac ou grande double carte \u00e0 4,95\u00a0\u20ac)<\/h4>\n<p style=\"text-align: center;\">[\/vc_column_text][vc_empty_space][\/vc_column][\/vc_row][vc_row][vc_column][\/vc_column][\/vc_row]<\/p>\n","protected":false},"excerpt":{"rendered":"<p>[vc_row][vc_column][vc_column_text][\/vc_column_text][vc_column_text] Abonnements Tout au long de l&#8217;ann\u00e9e, ou aux p\u00e9riodes souhait\u00e9es, nos compositions florales sont livr\u00e9es \u00e0 votre domicile. Ev\u00e9nements Nos cr\u00e9ations florales vous accompagnent dans tous les \u00e9v\u00e9nements qui jalonnent une vie. Que ce soit pour symboliser l\u2019amour lors d\u2019un mariage ou transcrire vos sentiments lors d\u2019un dernier hommage, notre cr\u00e9ativit\u00e9 est \u00e0 l\u2019\u00e9coute [&hellip;]<\/p>\n","protected":false},"author":1,"featured_media":0,"parent":0,"menu_order":0,"comment_status":"closed","ping_status":"closed","template":"","meta":{"footnotes":""},"class_list":["post-979","page","type-page","status-publish","hentry"],"_links":{"self":[{"href":"https:\/\/atelierdelarose.com\/index.php\/wp-json\/wp\/v2\/pages\/979","targetHints":{"allow":["GET"]}}],"collection":[{"href":"https:\/\/atelierdelarose.com\/index.php\/wp-json\/wp\/v2\/pages"}],"about":[{"href":"https:\/\/atelierdelarose.com\/index.php\/wp-json\/wp\/v2\/types\/page"}],"author":[{"embeddable":true,"href":"https:\/\/atelierdelarose.com\/index.php\/wp-json\/wp\/v2\/users\/1"}],"replies":[{"embeddable":true,"href":"https:\/\/atelierdelarose.com\/index.php\/wp-json\/wp\/v2\/comments?post=979"}],"version-history":[{"count":13,"href":"https:\/\/atelierdelarose.com\/index.php\/wp-json\/wp\/v2\/pages\/979\/revisions"}],"predecessor-version":[{"id":1238,"href":"https:\/\/atelierdelarose.com\/index.php\/wp-json\/wp\/v2\/pages\/979\/revisions\/1238"}],"wp:attachment":[{"href":"https:\/\/atelierdelarose.com\/index.php\/wp-json\/wp\/v2\/media?parent=979"}],"curies":[{"name":"wp","href":"https:\/\/api.w.org\/{rel}","templated":true}]}}