{"id":735,"date":"2020-06-08T15:53:25","date_gmt":"2020-06-08T13:53:25","guid":{"rendered":"http:\/\/ndexhnn.cluster029.hosting.ovh.net\/?page_id=735"},"modified":"2020-11-27T05:54:52","modified_gmt":"2020-11-27T04:54:52","slug":"livraisons","status":"publish","type":"page","link":"https:\/\/atelierdelarose.com\/index.php\/livraisons\/","title":{"rendered":"Livraisons"},"content":{"rendered":"<p>[vc_row][vc_column][vc_column_text]<\/p>\n<h3 style=\"text-align: center;\"><strong>M\u00e9thodes de livraison<\/strong><\/h3>\n<h4 style=\"text-align: center;\"><\/h4>\n<p>[\/vc_column_text][vc_empty_space][\/vc_column][\/vc_row][vc_row][vc_column][vc_column_text]<\/p>\n<h4 style=\"text-align: center;\"><strong><em>Retrait en magasin<\/em><\/strong><\/h4>\n<h4 style=\"text-align: center;\">Un fois votre commande pass\u00e9e, rendez-vous \u00e0 l&#8217;Atelier de la rose Rue de Namur 33, 1000 Bruxelles pour prendre possession de votre commande.<\/h4>\n<h4 style=\"text-align: center;\">Tous les articles de notre boutique sont disponibles en magasin.<\/h4>\n<p>&nbsp;<\/p>\n<h4 style=\"text-align: center;\"><\/h4>\n<p>[\/vc_column_text][vc_column_text]<\/p>\n<h4 style=\"text-align: center;\"><strong><em>Livraison par l&#8217;atelier<\/em><\/strong><\/h4>\n<h4 style=\"text-align: center;\">Les livraisons sont r\u00e9alis\u00e9es\u00a0<strong>tous les jours, dans et hors de Bruxelles (dimanche et jours f\u00e9ri\u00e9s: prendre contact pr\u00e9alablement avec la boutique)<\/strong>. Pr\u00e9voyez un d\u00e9lai de livraison de minimum 24h pour toutes vos commandes.<\/h4>\n<h4 style=\"text-align: center;\">A Bruxelles (19 communes), la livraison est de 10 \u20ac. En p\u00e9riph\u00e9rie, la livraison est de 15 \u00e0 20\u00a0\u20ac. Pour d&#8217;autres lieux,\u00a0contactez-nous pour obtenir le montant de la livraison.<\/h4>\n<p>[\/vc_column_text][vc_empty_space][vc_column_text]<\/p>\n<h4 style=\"text-align: center;\"><strong><i>Informations\u00a0indispensables afin d&#8217;assurer le bon d\u00e9roulement de la livraison<\/i><\/strong><\/h4>\n<h4 style=\"text-align: center;\">Nom, pr\u00e9nom et adresse compl\u00e8te<\/h4>\n<h4 style=\"text-align: center;\">Num\u00e9ro de t\u00e9l\u00e9phone<\/h4>\n<h4 style=\"text-align: center;\">Message \u00e0 ajouter (carte \u00e0 1,5 \u20ac ou grande double carte \u00e0 4,95 \u20ac).<\/h4>\n<p>[\/vc_column_text][vc_empty_space][\/vc_column][\/vc_row][vc_row][vc_column][\/vc_column][\/vc_row]<\/p>\n","protected":false},"excerpt":{"rendered":"<p>[vc_row][vc_column][vc_column_text] M\u00e9thodes de livraison [\/vc_column_text][vc_empty_space][\/vc_column][\/vc_row][vc_row][vc_column][vc_column_text] Retrait en magasin Un fois votre commande pass\u00e9e, rendez-vous \u00e0 l&#8217;Atelier de la rose Rue de Namur 33, 1000 Bruxelles pour prendre possession de votre commande. Tous les articles de notre boutique sont disponibles en magasin. &nbsp; [\/vc_column_text][vc_column_text] Livraison par l&#8217;atelier Les livraisons sont r\u00e9alis\u00e9es\u00a0tous les jours, dans et hors [&hellip;]<\/p>\n","protected":false},"author":1,"featured_media":0,"parent":0,"menu_order":0,"comment_status":"closed","ping_status":"closed","template":"","meta":{"footnotes":""},"class_list":["post-735","page","type-page","status-publish","hentry"],"_links":{"self":[{"href":"https:\/\/atelierdelarose.com\/index.php\/wp-json\/wp\/v2\/pages\/735","targetHints":{"allow":["GET"]}}],"collection":[{"href":"https:\/\/atelierdelarose.com\/index.php\/wp-json\/wp\/v2\/pages"}],"about":[{"href":"https:\/\/atelierdelarose.com\/index.php\/wp-json\/wp\/v2\/types\/page"}],"author":[{"embeddable":true,"href":"https:\/\/atelierdelarose.com\/index.php\/wp-json\/wp\/v2\/users\/1"}],"replies":[{"embeddable":true,"href":"https:\/\/atelierdelarose.com\/index.php\/wp-json\/wp\/v2\/comments?post=735"}],"version-history":[{"count":24,"href":"https:\/\/atelierdelarose.com\/index.php\/wp-json\/wp\/v2\/pages\/735\/revisions"}],"predecessor-version":[{"id":1447,"href":"https:\/\/atelierdelarose.com\/index.php\/wp-json\/wp\/v2\/pages\/735\/revisions\/1447"}],"wp:attachment":[{"href":"https:\/\/atelierdelarose.com\/index.php\/wp-json\/wp\/v2\/media?parent=735"}],"curies":[{"name":"wp","href":"https:\/\/api.w.org\/{rel}","templated":true}]}}